{"id":2529,"date":"2020-11-25T05:53:32","date_gmt":"2020-11-25T05:53:32","guid":{"rendered":"http:\/\/cb89964-wordpress.tw1.ru\/?page_id=2529"},"modified":"2025-05-23T13:15:28","modified_gmt":"2025-05-23T11:15:28","slug":"privacy-policy","status":"publish","type":"page","link":"https:\/\/www.usaaccelerator.com\/en\/privacy-policy\/","title":{"rendered":"Privacy Policy"},"content":{"rendered":"<div data-elementor-type=\"wp-page\" data-elementor-id=\"2529\" class=\"elementor elementor-2529\">\n\t\t\t\t\t\t<section class=\"elementor-section elementor-top-section elementor-element elementor-element-fd1862e elementor-section-boxed elementor-section-height-default elementor-section-height-default\" data-id=\"fd1862e\" data-element_type=\"section\">\n\t\t\t\t\t\t<div class=\"elementor-container elementor-column-gap-default\">\n\t\t\t\t\t<div class=\"elementor-column elementor-col-100 elementor-top-column elementor-element elementor-element-8dbd07a\" data-id=\"8dbd07a\" data-element_type=\"column\">\n\t\t\t<div class=\"elementor-widget-wrap elementor-element-populated\">\n\t\t\t\t\t\t<div class=\"elementor-element elementor-element-30379a1 elementor-widget elementor-widget-heading\" data-id=\"30379a1\" data-element_type=\"widget\" data-widget_type=\"heading.default\">\n\t\t\t\t<div class=\"elementor-widget-container\">\n\t\t\t\t\t<h2 class=\"elementor-heading-title elementor-size-default\">Consent form for the creation and use of photographic images\n<\/h2>\t\t\t\t<\/div>\n\t\t\t\t<\/div>\n\t\t\t\t<div class=\"elementor-element elementor-element-3d72467 elementor-widget elementor-widget-heading\" data-id=\"3d72467\" data-element_type=\"widget\" data-widget_type=\"heading.default\">\n\t\t\t\t<div class=\"elementor-widget-container\">\n\t\t\t\t\t<h2 class=\"elementor-heading-title elementor-size-default\">Last updated: May 20, 2025.\n<\/h2>\t\t\t\t<\/div>\n\t\t\t\t<\/div>\n\t\t\t\t<div class=\"elementor-element elementor-element-dc7a8ea elementor-widget elementor-widget-button\" data-id=\"dc7a8ea\" data-element_type=\"widget\" data-widget_type=\"button.default\">\n\t\t\t\t<div class=\"elementor-widget-container\">\n\t\t\t\t\t\t\t\t\t<div class=\"elementor-button-wrapper\">\n\t\t\t\t\t<a class=\"elementor-button elementor-button-link elementor-size-sm\" href=\"https:\/\/www.usaaccelerator.com\/wp-content\/uploads\/2025\/05\/Consent_Form_Image_Processing_EN.docx\">\n\t\t\t\t\t\t<span class=\"elementor-button-content-wrapper\">\n\t\t\t\t\t\t\t\t\t<span class=\"elementor-button-text\">Available here<\/span>\n\t\t\t\t\t<\/span>\n\t\t\t\t\t<\/a>\n\t\t\t\t<\/div>\n\t\t\t\t\t\t\t\t<\/div>\n\t\t\t\t<\/div>\n\t\t\t\t<div class=\"elementor-element elementor-element-29b069a elementor-widget elementor-widget-heading\" data-id=\"29b069a\" data-element_type=\"widget\" data-widget_type=\"heading.default\">\n\t\t\t\t<div class=\"elementor-widget-container\">\n\t\t\t\t\t<h2 class=\"elementor-heading-title elementor-size-default\">Data processing information for the Race is On \u2013 Innovation Challenge Day event \n<\/h2>\t\t\t\t<\/div>\n\t\t\t\t<\/div>\n\t\t\t\t<div class=\"elementor-element elementor-element-e422b71 elementor-widget elementor-widget-heading\" data-id=\"e422b71\" data-element_type=\"widget\" data-widget_type=\"heading.default\">\n\t\t\t\t<div class=\"elementor-widget-container\">\n\t\t\t\t\t<h2 class=\"elementor-heading-title elementor-size-default\">Last updated: May 20, 2025.\n<\/h2>\t\t\t\t<\/div>\n\t\t\t\t<\/div>\n\t\t\t\t<div class=\"elementor-element elementor-element-a79104c elementor-widget elementor-widget-heading\" data-id=\"a79104c\" data-element_type=\"widget\" data-widget_type=\"heading.default\">\n\t\t\t\t<div class=\"elementor-widget-container\">\n\t\t\t\t\t<h2 class=\"elementor-heading-title elementor-size-default\">Participant<\/h2>\t\t\t\t<\/div>\n\t\t\t\t<\/div>\n\t\t\t\t<div class=\"elementor-element elementor-element-bd9a2d6 elementor-widget elementor-widget-button\" data-id=\"bd9a2d6\" data-element_type=\"widget\" data-widget_type=\"button.default\">\n\t\t\t\t<div class=\"elementor-widget-container\">\n\t\t\t\t\t\t\t\t\t<div class=\"elementor-button-wrapper\">\n\t\t\t\t\t<a class=\"elementor-button elementor-button-link elementor-size-sm\" href=\"https:\/\/www.usaaccelerator.com\/wp-content\/uploads\/2025\/05\/Adatkezelesi_tajekoztato_Race_is_On_2025_resztvevo.docx\">\n\t\t\t\t\t\t<span class=\"elementor-button-content-wrapper\">\n\t\t\t\t\t\t\t\t\t<span class=\"elementor-button-text\">Available here<\/span>\n\t\t\t\t\t<\/span>\n\t\t\t\t\t<\/a>\n\t\t\t\t<\/div>\n\t\t\t\t\t\t\t\t<\/div>\n\t\t\t\t<\/div>\n\t\t\t\t<div class=\"elementor-element elementor-element-9ea4c3a elementor-widget elementor-widget-heading\" data-id=\"9ea4c3a\" data-element_type=\"widget\" data-widget_type=\"heading.default\">\n\t\t\t\t<div class=\"elementor-widget-container\">\n\t\t\t\t\t<h2 class=\"elementor-heading-title elementor-size-default\">Data processing information for the Race is On \u2013 Innovation Challenge Day event<\/h2>\t\t\t\t<\/div>\n\t\t\t\t<\/div>\n\t\t\t\t<div class=\"elementor-element elementor-element-e3e8a72 elementor-widget elementor-widget-heading\" data-id=\"e3e8a72\" data-element_type=\"widget\" data-widget_type=\"heading.default\">\n\t\t\t\t<div class=\"elementor-widget-container\">\n\t\t\t\t\t<h2 class=\"elementor-heading-title elementor-size-default\">Last updated: May 20, 2025.\n<\/h2>\t\t\t\t<\/div>\n\t\t\t\t<\/div>\n\t\t\t\t<div class=\"elementor-element elementor-element-5058c81 elementor-widget elementor-widget-heading\" data-id=\"5058c81\" data-element_type=\"widget\" data-widget_type=\"heading.default\">\n\t\t\t\t<div class=\"elementor-widget-container\">\n\t\t\t\t\t<h2 class=\"elementor-heading-title elementor-size-default\">Competitor<\/h2>\t\t\t\t<\/div>\n\t\t\t\t<\/div>\n\t\t\t\t<div class=\"elementor-element elementor-element-ea9ec87 elementor-widget elementor-widget-button\" data-id=\"ea9ec87\" data-element_type=\"widget\" data-widget_type=\"button.default\">\n\t\t\t\t<div class=\"elementor-widget-container\">\n\t\t\t\t\t\t\t\t\t<div class=\"elementor-button-wrapper\">\n\t\t\t\t\t<a class=\"elementor-button elementor-button-link elementor-size-sm\" href=\"https:\/\/www.usaaccelerator.com\/wp-content\/uploads\/2025\/05\/Adatkezelesi_tajekoztato_Race_is_On_2025_versenyzo.docx\">\n\t\t\t\t\t\t<span class=\"elementor-button-content-wrapper\">\n\t\t\t\t\t\t\t\t\t<span class=\"elementor-button-text\">Available here<\/span>\n\t\t\t\t\t<\/span>\n\t\t\t\t\t<\/a>\n\t\t\t\t<\/div>\n\t\t\t\t\t\t\t\t<\/div>\n\t\t\t\t<\/div>\n\t\t\t\t<div class=\"elementor-element elementor-element-0563cbc elementor-widget elementor-widget-heading\" data-id=\"0563cbc\" data-element_type=\"widget\" data-widget_type=\"heading.default\">\n\t\t\t\t<div class=\"elementor-widget-container\">\n\t\t\t\t\t<h2 class=\"elementor-heading-title elementor-size-default\"><span style=\"font-size: 27.2px\">US market entry - Bootcamp program - <\/span>Privacy Policy<\/h2>\t\t\t\t<\/div>\n\t\t\t\t<\/div>\n\t\t\t\t<div class=\"elementor-element elementor-element-f81656d elementor-widget elementor-widget-heading\" data-id=\"f81656d\" data-element_type=\"widget\" data-widget_type=\"heading.default\">\n\t\t\t\t<div class=\"elementor-widget-container\">\n\t\t\t\t\t<h2 class=\"elementor-heading-title elementor-size-default\">Last updated: March 27, 2025.\n\n\n\n\n\n\n\n\n<\/h2>\t\t\t\t<\/div>\n\t\t\t\t<\/div>\n\t\t\t\t<div class=\"elementor-element elementor-element-df5927f elementor-widget elementor-widget-heading\" data-id=\"df5927f\" data-element_type=\"widget\" data-widget_type=\"heading.default\">\n\t\t\t\t<div class=\"elementor-widget-container\">\n\t\t\t\t\t<h2 class=\"elementor-heading-title elementor-size-default\">Hungarian<\/h2>\t\t\t\t<\/div>\n\t\t\t\t<\/div>\n\t\t\t\t<div class=\"elementor-element elementor-element-44b52c0 elementor-widget elementor-widget-button\" data-id=\"44b52c0\" data-element_type=\"widget\" data-widget_type=\"button.default\">\n\t\t\t\t<div class=\"elementor-widget-container\">\n\t\t\t\t\t\t\t\t\t<div class=\"elementor-button-wrapper\">\n\t\t\t\t\t<a class=\"elementor-button elementor-button-link elementor-size-sm\" href=\"https:\/\/www.usaaccelerator.com\/wp-content\/uploads\/2025\/03\/Adatkezelesi_tajekoztato_Bootcamp_2025.docx\">\n\t\t\t\t\t\t<span class=\"elementor-button-content-wrapper\">\n\t\t\t\t\t\t\t\t\t<span class=\"elementor-button-text\">Available here<\/span>\n\t\t\t\t\t<\/span>\n\t\t\t\t\t<\/a>\n\t\t\t\t<\/div>\n\t\t\t\t\t\t\t\t<\/div>\n\t\t\t\t<\/div>\n\t\t\t\t<div class=\"elementor-element elementor-element-d0aef07 elementor-widget elementor-widget-heading\" data-id=\"d0aef07\" data-element_type=\"widget\" data-widget_type=\"heading.default\">\n\t\t\t\t<div class=\"elementor-widget-container\">\n\t\t\t\t\t<h2 class=\"elementor-heading-title elementor-size-default\">English<\/h2>\t\t\t\t<\/div>\n\t\t\t\t<\/div>\n\t\t\t\t<div class=\"elementor-element elementor-element-065b31f elementor-widget elementor-widget-button\" data-id=\"065b31f\" data-element_type=\"widget\" data-widget_type=\"button.default\">\n\t\t\t\t<div class=\"elementor-widget-container\">\n\t\t\t\t\t\t\t\t\t<div class=\"elementor-button-wrapper\">\n\t\t\t\t\t<a class=\"elementor-button elementor-button-link elementor-size-sm\" href=\"https:\/\/www.usaaccelerator.com\/wp-content\/uploads\/2025\/03\/Adatkezelesi_tajekoztato_Bootcamp_2025_en.docx\">\n\t\t\t\t\t\t<span class=\"elementor-button-content-wrapper\">\n\t\t\t\t\t\t\t\t\t<span class=\"elementor-button-text\">Available here<\/span>\n\t\t\t\t\t<\/span>\n\t\t\t\t\t<\/a>\n\t\t\t\t<\/div>\n\t\t\t\t\t\t\t\t<\/div>\n\t\t\t\t<\/div>\n\t\t\t\t\t<\/div>\n\t\t<\/div>\n\t\t\t\t\t<\/div>\n\t\t<\/section>\n\t\t\t\t<section class=\"elementor-section elementor-top-section elementor-element elementor-element-9ad1977 elementor-section-boxed elementor-section-height-default elementor-section-height-default\" data-id=\"9ad1977\" data-element_type=\"section\">\n\t\t\t\t\t\t<div class=\"elementor-container elementor-column-gap-default\">\n\t\t\t\t\t<div class=\"elementor-column elementor-col-100 elementor-top-column elementor-element elementor-element-d925956\" data-id=\"d925956\" data-element_type=\"column\">\n\t\t\t<div class=\"elementor-widget-wrap elementor-element-populated\">\n\t\t\t\t\t\t<div class=\"elementor-element elementor-element-dce6e13 elementor-widget elementor-widget-heading\" data-id=\"dce6e13\" data-element_type=\"widget\" data-widget_type=\"heading.default\">\n\t\t\t\t<div class=\"elementor-widget-container\">\n\t\t\t\t\t<h2 class=\"elementor-heading-title elementor-size-default\">How are the stars in America right now? - Privacy Policy\n<\/h2>\t\t\t\t<\/div>\n\t\t\t\t<\/div>\n\t\t\t\t<div class=\"elementor-element elementor-element-7e2fe0f elementor-widget elementor-widget-heading\" data-id=\"7e2fe0f\" data-element_type=\"widget\" data-widget_type=\"heading.default\">\n\t\t\t\t<div class=\"elementor-widget-container\">\n\t\t\t\t\t<h2 class=\"elementor-heading-title elementor-size-default\">Last updated: May 6, 2025.<\/h2>\t\t\t\t<\/div>\n\t\t\t\t<\/div>\n\t\t\t\t<div class=\"elementor-element elementor-element-e405d48 elementor-widget elementor-widget-heading\" data-id=\"e405d48\" data-element_type=\"widget\" data-widget_type=\"heading.default\">\n\t\t\t\t<div class=\"elementor-widget-container\">\n\t\t\t\t\t<h2 class=\"elementor-heading-title elementor-size-default\">Hungarian<\/h2>\t\t\t\t<\/div>\n\t\t\t\t<\/div>\n\t\t\t\t<div class=\"elementor-element elementor-element-92e3c41 elementor-widget elementor-widget-button\" data-id=\"92e3c41\" data-element_type=\"widget\" data-widget_type=\"button.default\">\n\t\t\t\t<div class=\"elementor-widget-container\">\n\t\t\t\t\t\t\t\t\t<div class=\"elementor-button-wrapper\">\n\t\t\t\t\t<a class=\"elementor-button elementor-button-link elementor-size-sm\" href=\"https:\/\/www.usaaccelerator.com\/wp-content\/uploads\/2025\/05\/Adatkezelesi_tajekoztato_USA_Piac_2025-HU.docx\">\n\t\t\t\t\t\t<span class=\"elementor-button-content-wrapper\">\n\t\t\t\t\t\t\t\t\t<span class=\"elementor-button-text\">Available here<\/span>\n\t\t\t\t\t<\/span>\n\t\t\t\t\t<\/a>\n\t\t\t\t<\/div>\n\t\t\t\t\t\t\t\t<\/div>\n\t\t\t\t<\/div>\n\t\t\t\t<div class=\"elementor-element elementor-element-1a9418d elementor-widget elementor-widget-heading\" data-id=\"1a9418d\" data-element_type=\"widget\" data-widget_type=\"heading.default\">\n\t\t\t\t<div class=\"elementor-widget-container\">\n\t\t\t\t\t<h2 class=\"elementor-heading-title elementor-size-default\">English<\/h2>\t\t\t\t<\/div>\n\t\t\t\t<\/div>\n\t\t\t\t<div class=\"elementor-element elementor-element-d66c28b elementor-widget elementor-widget-button\" data-id=\"d66c28b\" data-element_type=\"widget\" data-widget_type=\"button.default\">\n\t\t\t\t<div class=\"elementor-widget-container\">\n\t\t\t\t\t\t\t\t\t<div class=\"elementor-button-wrapper\">\n\t\t\t\t\t<a class=\"elementor-button elementor-button-link elementor-size-sm\" href=\"https:\/\/www.usaaccelerator.com\/wp-content\/uploads\/2025\/05\/Adatkezelesi_tajekoztato_USA_Piac_2025-EN.docx\">\n\t\t\t\t\t\t<span class=\"elementor-button-content-wrapper\">\n\t\t\t\t\t\t\t\t\t<span class=\"elementor-button-text\">Available here<\/span>\n\t\t\t\t\t<\/span>\n\t\t\t\t\t<\/a>\n\t\t\t\t<\/div>\n\t\t\t\t\t\t\t\t<\/div>\n\t\t\t\t<\/div>\n\t\t\t\t\t<\/div>\n\t\t<\/div>\n\t\t\t\t\t<\/div>\n\t\t<\/section>\n\t\t\t\t<\/div>","protected":false},"excerpt":{"rendered":"<p>Consent form for the creation and use of photographic image Last updated: May 20, 2025. Data protection notice for the Race is On \u2013 Innovation Challenge Day event is available here Last updated: May 20, 2025. Participant Data protection notice for the Race is On \u2013 Innovation Challenge Day event is available here Last updated: May 20, 2025 [\u2026]<\/p>","protected":false},"author":1,"featured_media":0,"parent":0,"menu_order":0,"comment_status":"closed","ping_status":"closed","template":"","meta":{"content-type":"","ngg_post_thumbnail":0,"footnotes":""},"class_list":["post-2529","page","type-page","status-publish","hentry"],"aioseo_notices":[],"yoast_head":"<!-- This site is optimized with the Yoast SEO plugin v26.5 - https:\/\/yoast.com\/wordpress\/plugins\/seo\/ -->\n<title>Privacy Policy - USA Accelerator<\/title>\n<meta name=\"robots\" content=\"index, follow, max-snippet:-1, max-image-preview:large, max-video-preview:-1\" \/>\n<link rel=\"canonical\" href=\"https:\/\/www.usaaccelerator.com\/en\/privacy-policy\/\" \/>\n<meta property=\"og:locale\" content=\"en_US\" \/>\n<meta property=\"og:type\" content=\"article\" \/>\n<meta property=\"og:title\" content=\"Privacy Policy - USA Accelerator\" \/>\n<meta property=\"og:description\" content=\"Consent form for the creation and use of photographic image Utolj\u00e1ra friss\u00edtve: 2025. m\u00e1jus 20. Itt \u00e9rhet\u0151 el Adatkezel\u00e9si t\u00e1j\u00e9koztat\u00f3 a Race is On \u2013 Innovation Challenge Day c\u00edm\u0171 rendezv\u00e9nyre Utolj\u00e1ra friss\u00edtve: 2025. m\u00e1jus 20. R\u00e9sztvev\u0151 Itt \u00e9rhet\u0151 el Adatkezel\u00e9si t\u00e1j\u00e9koztat\u00f3 a Race is On \u2013 Innovation Challenge Day c\u00edm\u0171 rendezv\u00e9nyre Utolj\u00e1ra friss\u00edtve: 2025. m\u00e1jus [&hellip;]\" \/>\n<meta property=\"og:url\" content=\"https:\/\/www.usaaccelerator.com\/en\/privacy-policy\/\" \/>\n<meta property=\"og:site_name\" content=\"USA Accelerator\" \/>\n<meta property=\"article:modified_time\" content=\"2025-05-23T11:15:28+00:00\" \/>\n<meta name=\"twitter:card\" content=\"summary_large_image\" \/>\n<meta name=\"twitter:label1\" content=\"Est. reading time\" \/>\n\t<meta name=\"twitter:data1\" content=\"1 minute\" \/>\n<script type=\"application\/ld+json\" class=\"yoast-schema-graph\">{\"@context\":\"https:\/\/schema.org\",\"@graph\":[{\"@type\":\"WebPage\",\"@id\":\"https:\/\/www.usaaccelerator.com\/privacy-policy\/\",\"url\":\"https:\/\/www.usaaccelerator.com\/privacy-policy\/\",\"name\":\"Privacy Policy - USA Accelerator\",\"isPartOf\":{\"@id\":\"https:\/\/www.usaaccelerator.com\/#website\"},\"datePublished\":\"2020-11-25T05:53:32+00:00\",\"dateModified\":\"2025-05-23T11:15:28+00:00\",\"breadcrumb\":{\"@id\":\"https:\/\/www.usaaccelerator.com\/privacy-policy\/#breadcrumb\"},\"inLanguage\":\"en-US\",\"potentialAction\":[{\"@type\":\"ReadAction\",\"target\":[\"https:\/\/www.usaaccelerator.com\/privacy-policy\/\"]}]},{\"@type\":\"BreadcrumbList\",\"@id\":\"https:\/\/www.usaaccelerator.com\/privacy-policy\/#breadcrumb\",\"itemListElement\":[{\"@type\":\"ListItem\",\"position\":1,\"name\":\"Kezd\u0151lap\",\"item\":\"https:\/\/www.usaaccelerator.com\/\"},{\"@type\":\"ListItem\",\"position\":2,\"name\":\"Privacy Policy\"}]},{\"@type\":\"WebSite\",\"@id\":\"https:\/\/www.usaaccelerator.com\/#website\",\"url\":\"https:\/\/www.usaaccelerator.com\/\",\"name\":\"USA Accelerator\",\"description\":\"Aktu\u00e1lis\",\"publisher\":{\"@id\":\"https:\/\/www.usaaccelerator.com\/#organization\"},\"potentialAction\":[{\"@type\":\"SearchAction\",\"target\":{\"@type\":\"EntryPoint\",\"urlTemplate\":\"https:\/\/www.usaaccelerator.com\/?s={search_term_string}\"},\"query-input\":{\"@type\":\"PropertyValueSpecification\",\"valueRequired\":true,\"valueName\":\"search_term_string\"}}],\"inLanguage\":\"en-US\"},{\"@type\":\"Organization\",\"@id\":\"https:\/\/www.usaaccelerator.com\/#organization\",\"name\":\"USA Accelerator\",\"url\":\"https:\/\/www.usaaccelerator.com\/\",\"logo\":{\"@type\":\"ImageObject\",\"inLanguage\":\"en-US\",\"@id\":\"https:\/\/www.usaaccelerator.com\/#\/schema\/logo\/image\/\",\"url\":\"https:\/\/www.usaaccelerator.com\/wp-content\/uploads\/2023\/06\/cropped-ua_logo-2.png\",\"contentUrl\":\"https:\/\/www.usaaccelerator.com\/wp-content\/uploads\/2023\/06\/cropped-ua_logo-2.png\",\"width\":1478,\"height\":1415,\"caption\":\"USA Accelerator\"},\"image\":{\"@id\":\"https:\/\/www.usaaccelerator.com\/#\/schema\/logo\/image\/\"}}]}<\/script>\n<!-- \/ Yoast SEO plugin. -->","yoast_head_json":{"title":"Privacy Policy - USA Accelerator","robots":{"index":"index","follow":"follow","max-snippet":"max-snippet:-1","max-image-preview":"max-image-preview:large","max-video-preview":"max-video-preview:-1"},"canonical":"https:\/\/www.usaaccelerator.com\/en\/privacy-policy\/","og_locale":"en_US","og_type":"article","og_title":"Privacy Policy - USA Accelerator","og_description":"Consent form for the creation and use of photographic image Utolj\u00e1ra friss\u00edtve: 2025. m\u00e1jus 20. Itt \u00e9rhet\u0151 el Adatkezel\u00e9si t\u00e1j\u00e9koztat\u00f3 a Race is On \u2013 Innovation Challenge Day c\u00edm\u0171 rendezv\u00e9nyre Utolj\u00e1ra friss\u00edtve: 2025. m\u00e1jus 20. R\u00e9sztvev\u0151 Itt \u00e9rhet\u0151 el Adatkezel\u00e9si t\u00e1j\u00e9koztat\u00f3 a Race is On \u2013 Innovation Challenge Day c\u00edm\u0171 rendezv\u00e9nyre Utolj\u00e1ra friss\u00edtve: 2025. m\u00e1jus [&hellip;]","og_url":"https:\/\/www.usaaccelerator.com\/en\/privacy-policy\/","og_site_name":"USA Accelerator","article_modified_time":"2025-05-23T11:15:28+00:00","twitter_card":"summary_large_image","twitter_misc":{"Est. reading time":"1 minute"},"schema":{"@context":"https:\/\/schema.org","@graph":[{"@type":"WebPage","@id":"https:\/\/www.usaaccelerator.com\/privacy-policy\/","url":"https:\/\/www.usaaccelerator.com\/privacy-policy\/","name":"Privacy Policy - USA Accelerator","isPartOf":{"@id":"https:\/\/www.usaaccelerator.com\/#website"},"datePublished":"2020-11-25T05:53:32+00:00","dateModified":"2025-05-23T11:15:28+00:00","breadcrumb":{"@id":"https:\/\/www.usaaccelerator.com\/privacy-policy\/#breadcrumb"},"inLanguage":"en-US","potentialAction":[{"@type":"ReadAction","target":["https:\/\/www.usaaccelerator.com\/privacy-policy\/"]}]},{"@type":"BreadcrumbList","@id":"https:\/\/www.usaaccelerator.com\/privacy-policy\/#breadcrumb","itemListElement":[{"@type":"ListItem","position":1,"name":"Kezd\u0151lap","item":"https:\/\/www.usaaccelerator.com\/"},{"@type":"ListItem","position":2,"name":"Privacy Policy"}]},{"@type":"WebSite","@id":"https:\/\/www.usaaccelerator.com\/#website","url":"https:\/\/www.usaaccelerator.com\/","name":"USA Accelerator","description":"Current","publisher":{"@id":"https:\/\/www.usaaccelerator.com\/#organization"},"potentialAction":[{"@type":"SearchAction","target":{"@type":"EntryPoint","urlTemplate":"https:\/\/www.usaaccelerator.com\/?s={search_term_string}"},"query-input":{"@type":"PropertyValueSpecification","valueRequired":true,"valueName":"search_term_string"}}],"inLanguage":"en-US"},{"@type":"Organization","@id":"https:\/\/www.usaaccelerator.com\/#organization","name":"USA Accelerator","url":"https:\/\/www.usaaccelerator.com\/","logo":{"@type":"ImageObject","inLanguage":"en-US","@id":"https:\/\/www.usaaccelerator.com\/#\/schema\/logo\/image\/","url":"https:\/\/www.usaaccelerator.com\/wp-content\/uploads\/2023\/06\/cropped-ua_logo-2.png","contentUrl":"https:\/\/www.usaaccelerator.com\/wp-content\/uploads\/2023\/06\/cropped-ua_logo-2.png","width":1478,"height":1415,"caption":"USA Accelerator"},"image":{"@id":"https:\/\/www.usaaccelerator.com\/#\/schema\/logo\/image\/"}}]}},"_links":{"self":[{"href":"https:\/\/www.usaaccelerator.com\/en\/wp-json\/wp\/v2\/pages\/2529","targetHints":{"allow":["GET"]}}],"collection":[{"href":"https:\/\/www.usaaccelerator.com\/en\/wp-json\/wp\/v2\/pages"}],"about":[{"href":"https:\/\/www.usaaccelerator.com\/en\/wp-json\/wp\/v2\/types\/page"}],"author":[{"embeddable":true,"href":"https:\/\/www.usaaccelerator.com\/en\/wp-json\/wp\/v2\/users\/1"}],"replies":[{"embeddable":true,"href":"https:\/\/www.usaaccelerator.com\/en\/wp-json\/wp\/v2\/comments?post=2529"}],"version-history":[{"count":45,"href":"https:\/\/www.usaaccelerator.com\/en\/wp-json\/wp\/v2\/pages\/2529\/revisions"}],"predecessor-version":[{"id":10637,"href":"https:\/\/www.usaaccelerator.com\/en\/wp-json\/wp\/v2\/pages\/2529\/revisions\/10637"}],"wp:attachment":[{"href":"https:\/\/www.usaaccelerator.com\/en\/wp-json\/wp\/v2\/media?parent=2529"}],"curies":[{"name":"wp","href":"https:\/\/api.w.org\/{rel}","templated":true}]}}