{"id":1426,"date":"2020-11-19T23:01:49","date_gmt":"2020-11-19T23:01:49","guid":{"rendered":"http:\/\/cb89964-wordpress.tw1.ru\/?page_id=1426"},"modified":"2023-08-29T17:40:54","modified_gmt":"2023-08-29T15:40:54","slug":"our-team","status":"publish","type":"page","link":"https:\/\/www.usaaccelerator.com\/en\/our-team\/","title":{"rendered":"MandoLab"},"content":{"rendered":"<div data-elementor-type=\"wp-page\" data-elementor-id=\"1426\" class=\"elementor elementor-1426\">\n\t\t\t\t\t\t<section class=\"elementor-section elementor-top-section elementor-element elementor-element-f18e66b elementor-section-stretched elementor-section-boxed elementor-section-height-default elementor-section-height-default\" data-id=\"f18e66b\" data-element_type=\"section\" data-settings=\"{&quot;stretch_section&quot;:&quot;section-stretched&quot;}\">\n\t\t\t\t\t\t<div class=\"elementor-container elementor-column-gap-no\">\n\t\t\t\t\t<div class=\"elementor-column elementor-col-50 elementor-top-column elementor-element elementor-element-6774cd0\" data-id=\"6774cd0\" data-element_type=\"column\">\n\t\t\t<div class=\"elementor-widget-wrap elementor-element-populated\">\n\t\t\t\t\t\t<div class=\"elementor-element elementor-element-1058be6 elementor-widget elementor-widget-text-editor\" data-id=\"1058be6\" data-element_type=\"widget\" data-widget_type=\"text-editor.default\">\n\t\t\t\t<div class=\"elementor-widget-container\">\n\t\t\t\t\t\t\t\t\t<div><p class=\"m6713052804480383151m-8881973994251026630m4823928031195465023msolistparagraph\">MandoLab, the business development consulting branch of MandoVentures Holding, is a pillar member and supporter of USAAccelerator&#039;s professional staff. Together with the Hungarian and American organizers and professional mentors who live abroad, they jointly dreamed up and developed the program.<\/p><p style=\"font-weight: 400;\">The MandoLab team has several years of experience in mentoring, advising and raising venture capital for startups and innovative SMEs. MandoLab is part of the MandoVentures group dealing with business and management consulting. Their expertise extends to various areas of management consulting, which includes market analysis, strategic decision support, development of go-to-market strategies and business development. Their goal is to help businesses take advantage of available growth opportunities and maximize their performance by leveraging their strengths and resources.<\/p><p style=\"font-weight: 400;\">MandoLab plays an important role in the USAAccelerator program \u2013 it provides high-level professional support and ensures the quality of the program through its expertise. The MandoLab team created the bootcamp plan to provide the participants with the appropriate professionalism. In addition, it ensures the continuous presence of the program in Hungary.<\/p><\/div>\t\t\t\t\t\t\t\t<\/div>\n\t\t\t\t<\/div>\n\t\t\t\t\t<\/div>\n\t\t<\/div>\n\t\t\t\t<div class=\"elementor-column elementor-col-50 elementor-top-column elementor-element elementor-element-056b995\" data-id=\"056b995\" data-element_type=\"column\">\n\t\t\t<div class=\"elementor-widget-wrap elementor-element-populated\">\n\t\t\t\t\t\t<div class=\"elementor-element elementor-element-05d0f4f elementor-absolute elementor-widget elementor-widget-image\" data-id=\"05d0f4f\" data-element_type=\"widget\" data-settings=\"{&quot;_position&quot;:&quot;absolute&quot;}\" data-widget_type=\"image.default\">\n\t\t\t\t<div class=\"elementor-widget-container\">\n\t\t\t\t\t\t\t\t\t\t\t\t\t\t\t\t<a href=\"\" target=\"_blank\">\n\t\t\t\t\t\t\t<img fetchpriority=\"high\" decoding=\"async\" width=\"1310\" height=\"977\" src=\"https:\/\/www.usaaccelerator.com\/wp-content\/uploads\/2023\/08\/Mando.jpg\" class=\"attachment-2048x2048 size-2048x2048 wp-image-7607\" alt=\"\" srcset=\"https:\/\/www.usaaccelerator.com\/wp-content\/uploads\/2023\/08\/Mando.jpg 1310w, https:\/\/www.usaaccelerator.com\/wp-content\/uploads\/2023\/08\/Mando-300x224.jpg 300w, https:\/\/www.usaaccelerator.com\/wp-content\/uploads\/2023\/08\/Mando-1024x764.jpg 1024w, https:\/\/www.usaaccelerator.com\/wp-content\/uploads\/2023\/08\/Mando-768x573.jpg 768w\" sizes=\"(max-width: 1310px) 100vw, 1310px\" \/>\t\t\t\t\t\t\t\t<\/a>\n\t\t\t\t\t\t\t\t\t\t\t\t\t\t\t<\/div>\n\t\t\t\t<\/div>\n\t\t\t\t\t<\/div>\n\t\t<\/div>\n\t\t\t\t\t<\/div>\n\t\t<\/section>\n\t\t\t\t<\/div>","protected":false},"excerpt":{"rendered":"<p>A key member and supporter of the USAAccelerator professional team is MandoLab, the business development consulting arm of MandoVentures Holding, who, together with a team of Hungarian and American organizers and professional mentors living abroad, jointly conceived and developed the program. The MandoLab team has several years of experience in mentoring, advising and raising venture capital for startups and innovative SMEs. MandoLab [\u2026]<\/p>","protected":false},"author":1,"featured_media":0,"parent":0,"menu_order":0,"comment_status":"closed","ping_status":"closed","template":"","meta":{"content-type":"","ngg_post_thumbnail":0,"footnotes":""},"class_list":["post-1426","page","type-page","status-publish","hentry"],"aioseo_notices":[],"yoast_head":"<!-- This site is optimized with the Yoast SEO plugin v26.5 - https:\/\/yoast.com\/wordpress\/plugins\/seo\/ -->\n<title>MandoLab - USA Accelerator<\/title>\n<meta name=\"robots\" content=\"index, follow, max-snippet:-1, max-image-preview:large, max-video-preview:-1\" \/>\n<link rel=\"canonical\" href=\"https:\/\/www.usaaccelerator.com\/en\/our-team\/\" \/>\n<meta property=\"og:locale\" content=\"en_US\" \/>\n<meta property=\"og:type\" content=\"article\" \/>\n<meta property=\"og:title\" content=\"MandoLab - USA Accelerator\" \/>\n<meta property=\"og:description\" content=\"Az USAAccelerator szakmai st\u00e1bj\u00e1nak oszlopos tagja \u00e9s t\u00e1mogat\u00f3ja a MandoVentures Holding \u00fczletfejleszt\u00e9si tan\u00e1csad\u00f3 \u00fczlet\u00e1ga, a MandoLab, akik a kint \u00e9l\u0151 magyar \u00e9s amerikai szervez\u0151i \u00e9s szakmai mentor csapattal kar\u00f6ltve k\u00f6z\u00f6sen \u00e1lmodt\u00e1k meg \u00e9s dolgozt\u00e1k ki a programot. A MandoLab csapata t\u00f6bb \u00e9v tapasztalattal rendelkezik startupok \u00e9s innovat\u00edv KKV-k mentor\u00e1l\u00e1s\u00e1ban, tan\u00e1csad\u00e1s\u00e1ban \u00e9s kock\u00e1zati t\u0151kebevon\u00e1s\u00e1ban. A MandoLab [&hellip;]\" \/>\n<meta property=\"og:url\" content=\"https:\/\/www.usaaccelerator.com\/en\/our-team\/\" \/>\n<meta property=\"og:site_name\" content=\"USA Accelerator\" \/>\n<meta property=\"article:modified_time\" content=\"2023-08-29T15:40:54+00:00\" \/>\n<meta property=\"og:image\" content=\"https:\/\/www.usaaccelerator.com\/wp-content\/uploads\/2023\/08\/Mando.jpg\" \/>\n<meta name=\"twitter:card\" content=\"summary_large_image\" \/>\n<meta name=\"twitter:label1\" content=\"Est. reading time\" \/>\n\t<meta name=\"twitter:data1\" content=\"2 minutes\" \/>\n<script type=\"application\/ld+json\" class=\"yoast-schema-graph\">{\"@context\":\"https:\/\/schema.org\",\"@graph\":[{\"@type\":\"WebPage\",\"@id\":\"https:\/\/www.usaaccelerator.com\/our-team\/\",\"url\":\"https:\/\/www.usaaccelerator.com\/our-team\/\",\"name\":\"MandoLab - USA Accelerator\",\"isPartOf\":{\"@id\":\"https:\/\/www.usaaccelerator.com\/#website\"},\"primaryImageOfPage\":{\"@id\":\"https:\/\/www.usaaccelerator.com\/our-team\/#primaryimage\"},\"image\":{\"@id\":\"https:\/\/www.usaaccelerator.com\/our-team\/#primaryimage\"},\"thumbnailUrl\":\"https:\/\/www.usaaccelerator.com\/wp-content\/uploads\/2023\/08\/Mando.jpg\",\"datePublished\":\"2020-11-19T23:01:49+00:00\",\"dateModified\":\"2023-08-29T15:40:54+00:00\",\"breadcrumb\":{\"@id\":\"https:\/\/www.usaaccelerator.com\/our-team\/#breadcrumb\"},\"inLanguage\":\"en-US\",\"potentialAction\":[{\"@type\":\"ReadAction\",\"target\":[\"https:\/\/www.usaaccelerator.com\/our-team\/\"]}]},{\"@type\":\"ImageObject\",\"inLanguage\":\"en-US\",\"@id\":\"https:\/\/www.usaaccelerator.com\/our-team\/#primaryimage\",\"url\":\"https:\/\/www.usaaccelerator.com\/wp-content\/uploads\/2023\/08\/Mando.jpg\",\"contentUrl\":\"https:\/\/www.usaaccelerator.com\/wp-content\/uploads\/2023\/08\/Mando.jpg\"},{\"@type\":\"BreadcrumbList\",\"@id\":\"https:\/\/www.usaaccelerator.com\/our-team\/#breadcrumb\",\"itemListElement\":[{\"@type\":\"ListItem\",\"position\":1,\"name\":\"Kezd\u0151lap\",\"item\":\"https:\/\/www.usaaccelerator.com\/\"},{\"@type\":\"ListItem\",\"position\":2,\"name\":\"MandoLab\"}]},{\"@type\":\"WebSite\",\"@id\":\"https:\/\/www.usaaccelerator.com\/#website\",\"url\":\"https:\/\/www.usaaccelerator.com\/\",\"name\":\"USA Accelerator\",\"description\":\"Aktu\u00e1lis\",\"publisher\":{\"@id\":\"https:\/\/www.usaaccelerator.com\/#organization\"},\"potentialAction\":[{\"@type\":\"SearchAction\",\"target\":{\"@type\":\"EntryPoint\",\"urlTemplate\":\"https:\/\/www.usaaccelerator.com\/?s={search_term_string}\"},\"query-input\":{\"@type\":\"PropertyValueSpecification\",\"valueRequired\":true,\"valueName\":\"search_term_string\"}}],\"inLanguage\":\"en-US\"},{\"@type\":\"Organization\",\"@id\":\"https:\/\/www.usaaccelerator.com\/#organization\",\"name\":\"USA Accelerator\",\"url\":\"https:\/\/www.usaaccelerator.com\/\",\"logo\":{\"@type\":\"ImageObject\",\"inLanguage\":\"en-US\",\"@id\":\"https:\/\/www.usaaccelerator.com\/#\/schema\/logo\/image\/\",\"url\":\"https:\/\/www.usaaccelerator.com\/wp-content\/uploads\/2023\/06\/cropped-ua_logo-2.png\",\"contentUrl\":\"https:\/\/www.usaaccelerator.com\/wp-content\/uploads\/2023\/06\/cropped-ua_logo-2.png\",\"width\":1478,\"height\":1415,\"caption\":\"USA Accelerator\"},\"image\":{\"@id\":\"https:\/\/www.usaaccelerator.com\/#\/schema\/logo\/image\/\"}}]}<\/script>\n<!-- \/ Yoast SEO plugin. -->","yoast_head_json":{"title":"MandoLab - USA Accelerator","robots":{"index":"index","follow":"follow","max-snippet":"max-snippet:-1","max-image-preview":"max-image-preview:large","max-video-preview":"max-video-preview:-1"},"canonical":"https:\/\/www.usaaccelerator.com\/en\/our-team\/","og_locale":"en_US","og_type":"article","og_title":"MandoLab - USA Accelerator","og_description":"Az USAAccelerator szakmai st\u00e1bj\u00e1nak oszlopos tagja \u00e9s t\u00e1mogat\u00f3ja a MandoVentures Holding \u00fczletfejleszt\u00e9si tan\u00e1csad\u00f3 \u00fczlet\u00e1ga, a MandoLab, akik a kint \u00e9l\u0151 magyar \u00e9s amerikai szervez\u0151i \u00e9s szakmai mentor csapattal kar\u00f6ltve k\u00f6z\u00f6sen \u00e1lmodt\u00e1k meg \u00e9s dolgozt\u00e1k ki a programot. A MandoLab csapata t\u00f6bb \u00e9v tapasztalattal rendelkezik startupok \u00e9s innovat\u00edv KKV-k mentor\u00e1l\u00e1s\u00e1ban, tan\u00e1csad\u00e1s\u00e1ban \u00e9s kock\u00e1zati t\u0151kebevon\u00e1s\u00e1ban. A MandoLab [&hellip;]","og_url":"https:\/\/www.usaaccelerator.com\/en\/our-team\/","og_site_name":"USA Accelerator","article_modified_time":"2023-08-29T15:40:54+00:00","og_image":[{"url":"https:\/\/www.usaaccelerator.com\/wp-content\/uploads\/2023\/08\/Mando.jpg","type":"","width":"","height":""}],"twitter_card":"summary_large_image","twitter_misc":{"Est. reading time":"2 minutes"},"schema":{"@context":"https:\/\/schema.org","@graph":[{"@type":"WebPage","@id":"https:\/\/www.usaaccelerator.com\/our-team\/","url":"https:\/\/www.usaaccelerator.com\/our-team\/","name":"MandoLab - USA Accelerator","isPartOf":{"@id":"https:\/\/www.usaaccelerator.com\/#website"},"primaryImageOfPage":{"@id":"https:\/\/www.usaaccelerator.com\/our-team\/#primaryimage"},"image":{"@id":"https:\/\/www.usaaccelerator.com\/our-team\/#primaryimage"},"thumbnailUrl":"https:\/\/www.usaaccelerator.com\/wp-content\/uploads\/2023\/08\/Mando.jpg","datePublished":"2020-11-19T23:01:49+00:00","dateModified":"2023-08-29T15:40:54+00:00","breadcrumb":{"@id":"https:\/\/www.usaaccelerator.com\/our-team\/#breadcrumb"},"inLanguage":"en-US","potentialAction":[{"@type":"ReadAction","target":["https:\/\/www.usaaccelerator.com\/our-team\/"]}]},{"@type":"ImageObject","inLanguage":"en-US","@id":"https:\/\/www.usaaccelerator.com\/our-team\/#primaryimage","url":"https:\/\/www.usaaccelerator.com\/wp-content\/uploads\/2023\/08\/Mando.jpg","contentUrl":"https:\/\/www.usaaccelerator.com\/wp-content\/uploads\/2023\/08\/Mando.jpg"},{"@type":"BreadcrumbList","@id":"https:\/\/www.usaaccelerator.com\/our-team\/#breadcrumb","itemListElement":[{"@type":"ListItem","position":1,"name":"Kezd\u0151lap","item":"https:\/\/www.usaaccelerator.com\/"},{"@type":"ListItem","position":2,"name":"MandoLab"}]},{"@type":"WebSite","@id":"https:\/\/www.usaaccelerator.com\/#website","url":"https:\/\/www.usaaccelerator.com\/","name":"USA Accelerator","description":"Current","publisher":{"@id":"https:\/\/www.usaaccelerator.com\/#organization"},"potentialAction":[{"@type":"SearchAction","target":{"@type":"EntryPoint","urlTemplate":"https:\/\/www.usaaccelerator.com\/?s={search_term_string}"},"query-input":{"@type":"PropertyValueSpecification","valueRequired":true,"valueName":"search_term_string"}}],"inLanguage":"en-US"},{"@type":"Organization","@id":"https:\/\/www.usaaccelerator.com\/#organization","name":"USA Accelerator","url":"https:\/\/www.usaaccelerator.com\/","logo":{"@type":"ImageObject","inLanguage":"en-US","@id":"https:\/\/www.usaaccelerator.com\/#\/schema\/logo\/image\/","url":"https:\/\/www.usaaccelerator.com\/wp-content\/uploads\/2023\/06\/cropped-ua_logo-2.png","contentUrl":"https:\/\/www.usaaccelerator.com\/wp-content\/uploads\/2023\/06\/cropped-ua_logo-2.png","width":1478,"height":1415,"caption":"USA Accelerator"},"image":{"@id":"https:\/\/www.usaaccelerator.com\/#\/schema\/logo\/image\/"}}]}},"_links":{"self":[{"href":"https:\/\/www.usaaccelerator.com\/en\/wp-json\/wp\/v2\/pages\/1426","targetHints":{"allow":["GET"]}}],"collection":[{"href":"https:\/\/www.usaaccelerator.com\/en\/wp-json\/wp\/v2\/pages"}],"about":[{"href":"https:\/\/www.usaaccelerator.com\/en\/wp-json\/wp\/v2\/types\/page"}],"author":[{"embeddable":true,"href":"https:\/\/www.usaaccelerator.com\/en\/wp-json\/wp\/v2\/users\/1"}],"replies":[{"embeddable":true,"href":"https:\/\/www.usaaccelerator.com\/en\/wp-json\/wp\/v2\/comments?post=1426"}],"version-history":[{"count":18,"href":"https:\/\/www.usaaccelerator.com\/en\/wp-json\/wp\/v2\/pages\/1426\/revisions"}],"predecessor-version":[{"id":7610,"href":"https:\/\/www.usaaccelerator.com\/en\/wp-json\/wp\/v2\/pages\/1426\/revisions\/7610"}],"wp:attachment":[{"href":"https:\/\/www.usaaccelerator.com\/en\/wp-json\/wp\/v2\/media?parent=1426"}],"curies":[{"name":"wp","href":"https:\/\/api.w.org\/{rel}","templated":true}]}}