{"id":1398,"date":"2020-11-19T22:01:16","date_gmt":"2020-11-19T22:01:16","guid":{"rendered":"http:\/\/cb89964-wordpress.tw1.ru\/?page_id=1398"},"modified":"2025-01-28T14:52:37","modified_gmt":"2025-01-28T13:52:37","slug":"frequently-asked-questions","status":"publish","type":"page","link":"https:\/\/www.usaaccelerator.com\/en\/frequently-asked-questions\/","title":{"rendered":"Frequently asked questions"},"content":{"rendered":"<div data-elementor-type=\"wp-page\" data-elementor-id=\"1398\" class=\"elementor elementor-1398\">\n\t\t\t\t\t\t<section class=\"elementor-section elementor-top-section elementor-element elementor-element-60388c9 elementor-section-boxed elementor-section-height-default elementor-section-height-default\" data-id=\"60388c9\" data-element_type=\"section\">\n\t\t\t\t\t\t<div class=\"elementor-container elementor-column-gap-default\">\n\t\t\t\t\t<div class=\"elementor-column elementor-col-100 elementor-top-column elementor-element elementor-element-b33c32e\" data-id=\"b33c32e\" data-element_type=\"column\">\n\t\t\t<div class=\"elementor-widget-wrap elementor-element-populated\">\n\t\t\t\t\t\t<div class=\"elementor-element elementor-element-e011b86 elementor-widget elementor-widget-accordion\" data-id=\"e011b86\" data-element_type=\"widget\" data-widget_type=\"accordion.default\">\n\t\t\t\t<div class=\"elementor-widget-container\">\n\t\t\t\t\t\t\t<div class=\"elementor-accordion\">\n\t\t\t\t\t\t\t<div class=\"elementor-accordion-item\">\n\t\t\t\t\t<div id=\"elementor-tab-title-2341\" class=\"elementor-tab-title\" data-tab=\"1\" role=\"button\" aria-controls=\"elementor-tab-content-2341\" aria-expanded=\"false\">\n\t\t\t\t\t\t\t\t\t\t\t\t\t<span class=\"elementor-accordion-icon elementor-accordion-icon-right\" aria-hidden=\"true\">\n\t\t\t\t\t\t\t\t\t\t\t\t\t\t\t<span class=\"elementor-accordion-icon-closed\"><i class=\"fas fa-chevron-down\"><\/i><\/span>\n\t\t\t\t\t\t\t\t<span class=\"elementor-accordion-icon-opened\"><i class=\"fas fa-chevron-up\"><\/i><\/span>\n\t\t\t\t\t\t\t\t\t\t\t\t\t\t<\/span>\n\t\t\t\t\t\t\t\t\t\t\t\t<a class=\"elementor-accordion-title\" tabindex=\"0\">The US Market Entry Bootcamp Program 2024 has ended, what next?<\/a>\n\t\t\t\t\t<\/div>\n\t\t\t\t\t<div id=\"elementor-tab-content-2341\" class=\"elementor-tab-content elementor-clearfix\" data-tab=\"1\" role=\"region\" aria-labelledby=\"elementor-tab-title-2341\"><p>The experiences we gained together with you during our May 2024 Bootcamp program encouraged us to continue the work and capitalize on the momentum.<\/p><p>Throughout 2025, we are preparing for you with even more experiences, opportunities, and knowledge to share.\u00a0<\/p><p>THE <a href=\"https:\/\/www.usaaccelerator.com\/en\/u-s-market-entry-bootcamp-program-2025\/\">US Market Entry Bootcamp Program<\/a> This year, it awaits those businesses who want to experience America firsthand with professional American and Hungarian speakers, interesting locations, cultural and networking programs. The destination this year is sunny Florida!<\/p><p>THE <a href=\"https:\/\/www.usaaccelerator.com\/en\/speedway-to-america-program-2025\/\">Speedway to America Program<\/a>unk offers a six-week, hybrid, modular training series for businesses committed to the American market, during which participants can gain in-depth knowledge of all important elements of American business life and become able to outline a specific market entry strategy.<\/p><p>If you don&#039;t want to miss out on our future programs, <a href=\"https:\/\/usaaccelerator.us21.list-manage.com\/subscribe?u=8fcbb948af1e23531461bf8d7&amp;id=2151a9a4e0\">subscribe to our newsletter<\/a>.<\/p><\/div>\n\t\t\t\t<\/div>\n\t\t\t\t\t\t\t<div class=\"elementor-accordion-item\">\n\t\t\t\t\t<div id=\"elementor-tab-title-2342\" class=\"elementor-tab-title\" data-tab=\"2\" role=\"button\" aria-controls=\"elementor-tab-content-2342\" aria-expanded=\"false\">\n\t\t\t\t\t\t\t\t\t\t\t\t\t<span class=\"elementor-accordion-icon elementor-accordion-icon-right\" aria-hidden=\"true\">\n\t\t\t\t\t\t\t\t\t\t\t\t\t\t\t<span class=\"elementor-accordion-icon-closed\"><i class=\"fas fa-chevron-down\"><\/i><\/span>\n\t\t\t\t\t\t\t\t<span class=\"elementor-accordion-icon-opened\"><i class=\"fas fa-chevron-up\"><\/i><\/span>\n\t\t\t\t\t\t\t\t\t\t\t\t\t\t<\/span>\n\t\t\t\t\t\t\t\t\t\t\t\t<a class=\"elementor-accordion-title\" tabindex=\"0\">What are the conditions for participating in USAAccelerator programs?<\/a>\n\t\t\t\t\t<\/div>\n\t\t\t\t\t<div id=\"elementor-tab-content-2342\" class=\"elementor-tab-content elementor-clearfix\" data-tab=\"2\" role=\"region\" aria-labelledby=\"elementor-tab-title-2342\"><p>The first and most important thing is the determination and the will to get a foothold in the American market. It is also a condition that you have at least a conversational level of English, both spoken and written, and that your company has a reliable, capable and eager to develop management team. Finally, a stable financial background is essential, because entering the American market is a costly and long-term investment.<\/p><\/div>\n\t\t\t\t<\/div>\n\t\t\t\t\t\t\t<div class=\"elementor-accordion-item\">\n\t\t\t\t\t<div id=\"elementor-tab-title-2343\" class=\"elementor-tab-title\" data-tab=\"3\" role=\"button\" aria-controls=\"elementor-tab-content-2343\" aria-expanded=\"false\">\n\t\t\t\t\t\t\t\t\t\t\t\t\t<span class=\"elementor-accordion-icon elementor-accordion-icon-right\" aria-hidden=\"true\">\n\t\t\t\t\t\t\t\t\t\t\t\t\t\t\t<span class=\"elementor-accordion-icon-closed\"><i class=\"fas fa-chevron-down\"><\/i><\/span>\n\t\t\t\t\t\t\t\t<span class=\"elementor-accordion-icon-opened\"><i class=\"fas fa-chevron-up\"><\/i><\/span>\n\t\t\t\t\t\t\t\t\t\t\t\t\t\t<\/span>\n\t\t\t\t\t\t\t\t\t\t\t\t<a class=\"elementor-accordion-title\" tabindex=\"0\">Will I be able to use additional consulting services for my soft landing goals even after the USAAccelerator programs?<\/a>\n\t\t\t\t\t<\/div>\n\t\t\t\t\t<div id=\"elementor-tab-content-2343\" class=\"elementor-tab-content elementor-clearfix\" data-tab=\"3\" role=\"region\" aria-labelledby=\"elementor-tab-title-2343\"><p>Yes. MandoLab&#039;s Hungarian consulting team, as well as Hungarian and American professional staff living in Florida, are at your disposal if you require our long-term cooperation to enter the American market. During our 1-2 year mentoring program, we will accompany and support you in every phase of entering the American market, connect you with the appropriate professional staff (accountants, lawyers), and actively participate in business development activities (organizing negotiations, searching for distributors, partners, etc.). In addition, you will have the opportunity to apply for participation in other incubation programs of UCF (University of Central Florida) that help startups.<\/p><\/div>\n\t\t\t\t<\/div>\n\t\t\t\t\t\t\t<div class=\"elementor-accordion-item\">\n\t\t\t\t\t<div id=\"elementor-tab-title-2344\" class=\"elementor-tab-title\" data-tab=\"4\" role=\"button\" aria-controls=\"elementor-tab-content-2344\" aria-expanded=\"false\">\n\t\t\t\t\t\t\t\t\t\t\t\t\t<span class=\"elementor-accordion-icon elementor-accordion-icon-right\" aria-hidden=\"true\">\n\t\t\t\t\t\t\t\t\t\t\t\t\t\t\t<span class=\"elementor-accordion-icon-closed\"><i class=\"fas fa-chevron-down\"><\/i><\/span>\n\t\t\t\t\t\t\t\t<span class=\"elementor-accordion-icon-opened\"><i class=\"fas fa-chevron-up\"><\/i><\/span>\n\t\t\t\t\t\t\t\t\t\t\t\t\t\t<\/span>\n\t\t\t\t\t\t\t\t\t\t\t\t<a class=\"elementor-accordion-title\" tabindex=\"0\">How much does it cost to participate in USAAccelerator programs?<\/a>\n\t\t\t\t\t<\/div>\n\t\t\t\t\t<div id=\"elementor-tab-content-2344\" class=\"elementor-tab-content elementor-clearfix\" data-tab=\"4\" role=\"region\" aria-labelledby=\"elementor-tab-title-2344\"><p>The final fee depends on the number of participants and their business activities, since in addition to the foundation courses, we prepare the final professional program and compile the list of professional speakers accordingly. The goal of USAAccelerator is to provide participants with the most personalized and usable knowledge in the field appropriate to their own industry - all with an America-specific approach.<\/p><p>Until the end of January, both of our programs this year (<a href=\"https:\/\/www.usaaccelerator.com\/en\/u-s-market-entry-bootcamp-program-2025\/\">Bootcamp Program<\/a>, <a href=\"https:\/\/www.usaaccelerator.com\/en\/speedway-to-america-program-2025\/\">Speedway Program<\/a>) can be purchased at an early bird price, at a discount. You can find the exact prices on the program page.<\/p><\/div>\n\t\t\t\t<\/div>\n\t\t\t\t\t\t\t<div class=\"elementor-accordion-item\">\n\t\t\t\t\t<div id=\"elementor-tab-title-2345\" class=\"elementor-tab-title\" data-tab=\"5\" role=\"button\" aria-controls=\"elementor-tab-content-2345\" aria-expanded=\"false\">\n\t\t\t\t\t\t\t\t\t\t\t\t\t<span class=\"elementor-accordion-icon elementor-accordion-icon-right\" aria-hidden=\"true\">\n\t\t\t\t\t\t\t\t\t\t\t\t\t\t\t<span class=\"elementor-accordion-icon-closed\"><i class=\"fas fa-chevron-down\"><\/i><\/span>\n\t\t\t\t\t\t\t\t<span class=\"elementor-accordion-icon-opened\"><i class=\"fas fa-chevron-up\"><\/i><\/span>\n\t\t\t\t\t\t\t\t\t\t\t\t\t\t<\/span>\n\t\t\t\t\t\t\t\t\t\t\t\t<a class=\"elementor-accordion-title\" tabindex=\"0\">I have more questions, what should I do?<\/a>\n\t\t\t\t\t<\/div>\n\t\t\t\t\t<div id=\"elementor-tab-content-2345\" class=\"elementor-tab-content elementor-clearfix\" data-tab=\"5\" role=\"region\" aria-labelledby=\"elementor-tab-title-2345\"><p>Fill it out <a href=\"https:\/\/www.usaaccelerator.com\/en\/qsm_quiz\/hellobiznisz\/\" target=\"_blank\" rel=\"noopener\">our short quiz<\/a> and we will contact you and provide a free consultation during which we will present our programs and answer any questions you may have.<\/p><p>For any other questions, please contact us at info@usaaccelerator.com.<\/p><\/div>\n\t\t\t\t<\/div>\n\t\t\t\t\t\t\t\t<\/div>\n\t\t\t\t\t\t<\/div>\n\t\t\t\t<\/div>\n\t\t\t\t\t<\/div>\n\t\t<\/div>\n\t\t\t\t\t<\/div>\n\t\t<\/section>\n\t\t\t\t<\/div>","protected":false},"excerpt":{"rendered":"<p>The US Market Entry Bootcamp Program 2024 has ended, what next? The experiences we gained with you during our May 2024 Bootcamp program have encouraged us to continue working and build on the momentum. We are preparing for you with even more experiences and opportunities and knowledge to be transferred throughout 2025. The US Market Entry Bootcamp Program this year will once again be a professional American [\u2026]<\/p>","protected":false},"author":1,"featured_media":0,"parent":0,"menu_order":0,"comment_status":"closed","ping_status":"closed","template":"","meta":{"content-type":"","ngg_post_thumbnail":0,"footnotes":""},"class_list":["post-1398","page","type-page","status-publish","hentry"],"aioseo_notices":[],"yoast_head":"<!-- This site is optimized with the Yoast SEO plugin v26.5 - https:\/\/yoast.com\/wordpress\/plugins\/seo\/ -->\n<title>Gyakori k\u00e9rd\u00e9sek - USA Accelerator<\/title>\n<meta name=\"robots\" content=\"index, follow, max-snippet:-1, max-image-preview:large, max-video-preview:-1\" \/>\n<link rel=\"canonical\" href=\"https:\/\/www.usaaccelerator.com\/en\/frequently-asked-questions\/\" \/>\n<meta property=\"og:locale\" content=\"en_US\" \/>\n<meta property=\"og:type\" content=\"article\" \/>\n<meta property=\"og:title\" content=\"Gyakori k\u00e9rd\u00e9sek - USA Accelerator\" \/>\n<meta property=\"og:description\" content=\"A U.S. Market Entry Bootcamp Program 2024 v\u00e9get \u00e9rt, hogyan tov\u00e1bb? A 2024 m\u00e1jusi Bootcamp programunk sor\u00e1n veletek k\u00f6z\u00f6sen szerzett tapasztalataink arra \u00f6szt\u00f6n\u00f6ztek benn\u00fcnket, hogy folytassuk a munk\u00e1t \u00e9s kamatoztassuk a lend\u00fcletet. 2025 folyam\u00e1n m\u00e9g t\u00f6bb \u00e9lm\u00e9nnyel \u00e9s lehet\u0151s\u00e9ggel \u00e9s \u00e1tad\u00e1sra v\u00e1r\u00f3 tud\u00e1ssal k\u00e9sz\u00fcl\u00fcnk sz\u00e1motokra.\u00a0 A U.S. Market Entry Bootcamp Program id\u00e9n is szakmabeli amerikai [&hellip;]\" \/>\n<meta property=\"og:url\" content=\"https:\/\/www.usaaccelerator.com\/en\/frequently-asked-questions\/\" \/>\n<meta property=\"og:site_name\" content=\"USA Accelerator\" \/>\n<meta property=\"article:modified_time\" content=\"2025-01-28T13:52:37+00:00\" \/>\n<meta name=\"twitter:card\" content=\"summary_large_image\" \/>\n<meta name=\"twitter:label1\" content=\"Est. reading time\" \/>\n\t<meta name=\"twitter:data1\" content=\"2 minutes\" \/>\n<script type=\"application\/ld+json\" class=\"yoast-schema-graph\">{\"@context\":\"https:\/\/schema.org\",\"@graph\":[{\"@type\":\"WebPage\",\"@id\":\"https:\/\/www.usaaccelerator.com\/frequently-asked-questions\/\",\"url\":\"https:\/\/www.usaaccelerator.com\/frequently-asked-questions\/\",\"name\":\"Gyakori k\u00e9rd\u00e9sek - USA Accelerator\",\"isPartOf\":{\"@id\":\"https:\/\/www.usaaccelerator.com\/#website\"},\"datePublished\":\"2020-11-19T22:01:16+00:00\",\"dateModified\":\"2025-01-28T13:52:37+00:00\",\"breadcrumb\":{\"@id\":\"https:\/\/www.usaaccelerator.com\/frequently-asked-questions\/#breadcrumb\"},\"inLanguage\":\"en-US\",\"potentialAction\":[{\"@type\":\"ReadAction\",\"target\":[\"https:\/\/www.usaaccelerator.com\/frequently-asked-questions\/\"]}]},{\"@type\":\"BreadcrumbList\",\"@id\":\"https:\/\/www.usaaccelerator.com\/frequently-asked-questions\/#breadcrumb\",\"itemListElement\":[{\"@type\":\"ListItem\",\"position\":1,\"name\":\"Kezd\u0151lap\",\"item\":\"https:\/\/www.usaaccelerator.com\/\"},{\"@type\":\"ListItem\",\"position\":2,\"name\":\"Gyakori k\u00e9rd\u00e9sek\"}]},{\"@type\":\"WebSite\",\"@id\":\"https:\/\/www.usaaccelerator.com\/#website\",\"url\":\"https:\/\/www.usaaccelerator.com\/\",\"name\":\"USA Accelerator\",\"description\":\"Aktu\u00e1lis\",\"publisher\":{\"@id\":\"https:\/\/www.usaaccelerator.com\/#organization\"},\"potentialAction\":[{\"@type\":\"SearchAction\",\"target\":{\"@type\":\"EntryPoint\",\"urlTemplate\":\"https:\/\/www.usaaccelerator.com\/?s={search_term_string}\"},\"query-input\":{\"@type\":\"PropertyValueSpecification\",\"valueRequired\":true,\"valueName\":\"search_term_string\"}}],\"inLanguage\":\"en-US\"},{\"@type\":\"Organization\",\"@id\":\"https:\/\/www.usaaccelerator.com\/#organization\",\"name\":\"USA Accelerator\",\"url\":\"https:\/\/www.usaaccelerator.com\/\",\"logo\":{\"@type\":\"ImageObject\",\"inLanguage\":\"en-US\",\"@id\":\"https:\/\/www.usaaccelerator.com\/#\/schema\/logo\/image\/\",\"url\":\"https:\/\/www.usaaccelerator.com\/wp-content\/uploads\/2023\/06\/cropped-ua_logo-2.png\",\"contentUrl\":\"https:\/\/www.usaaccelerator.com\/wp-content\/uploads\/2023\/06\/cropped-ua_logo-2.png\",\"width\":1478,\"height\":1415,\"caption\":\"USA Accelerator\"},\"image\":{\"@id\":\"https:\/\/www.usaaccelerator.com\/#\/schema\/logo\/image\/\"}}]}<\/script>\n<!-- \/ Yoast SEO plugin. -->","yoast_head_json":{"title":"Gyakori k\u00e9rd\u00e9sek - USA Accelerator","robots":{"index":"index","follow":"follow","max-snippet":"max-snippet:-1","max-image-preview":"max-image-preview:large","max-video-preview":"max-video-preview:-1"},"canonical":"https:\/\/www.usaaccelerator.com\/en\/frequently-asked-questions\/","og_locale":"en_US","og_type":"article","og_title":"Gyakori k\u00e9rd\u00e9sek - USA Accelerator","og_description":"A U.S. Market Entry Bootcamp Program 2024 v\u00e9get \u00e9rt, hogyan tov\u00e1bb? A 2024 m\u00e1jusi Bootcamp programunk sor\u00e1n veletek k\u00f6z\u00f6sen szerzett tapasztalataink arra \u00f6szt\u00f6n\u00f6ztek benn\u00fcnket, hogy folytassuk a munk\u00e1t \u00e9s kamatoztassuk a lend\u00fcletet. 2025 folyam\u00e1n m\u00e9g t\u00f6bb \u00e9lm\u00e9nnyel \u00e9s lehet\u0151s\u00e9ggel \u00e9s \u00e1tad\u00e1sra v\u00e1r\u00f3 tud\u00e1ssal k\u00e9sz\u00fcl\u00fcnk sz\u00e1motokra.\u00a0 A U.S. Market Entry Bootcamp Program id\u00e9n is szakmabeli amerikai [&hellip;]","og_url":"https:\/\/www.usaaccelerator.com\/en\/frequently-asked-questions\/","og_site_name":"USA Accelerator","article_modified_time":"2025-01-28T13:52:37+00:00","twitter_card":"summary_large_image","twitter_misc":{"Est. reading time":"2 minutes"},"schema":{"@context":"https:\/\/schema.org","@graph":[{"@type":"WebPage","@id":"https:\/\/www.usaaccelerator.com\/frequently-asked-questions\/","url":"https:\/\/www.usaaccelerator.com\/frequently-asked-questions\/","name":"Gyakori k\u00e9rd\u00e9sek - USA Accelerator","isPartOf":{"@id":"https:\/\/www.usaaccelerator.com\/#website"},"datePublished":"2020-11-19T22:01:16+00:00","dateModified":"2025-01-28T13:52:37+00:00","breadcrumb":{"@id":"https:\/\/www.usaaccelerator.com\/frequently-asked-questions\/#breadcrumb"},"inLanguage":"en-US","potentialAction":[{"@type":"ReadAction","target":["https:\/\/www.usaaccelerator.com\/frequently-asked-questions\/"]}]},{"@type":"BreadcrumbList","@id":"https:\/\/www.usaaccelerator.com\/frequently-asked-questions\/#breadcrumb","itemListElement":[{"@type":"ListItem","position":1,"name":"Kezd\u0151lap","item":"https:\/\/www.usaaccelerator.com\/"},{"@type":"ListItem","position":2,"name":"Gyakori k\u00e9rd\u00e9sek"}]},{"@type":"WebSite","@id":"https:\/\/www.usaaccelerator.com\/#website","url":"https:\/\/www.usaaccelerator.com\/","name":"USA Accelerator","description":"Current","publisher":{"@id":"https:\/\/www.usaaccelerator.com\/#organization"},"potentialAction":[{"@type":"SearchAction","target":{"@type":"EntryPoint","urlTemplate":"https:\/\/www.usaaccelerator.com\/?s={search_term_string}"},"query-input":{"@type":"PropertyValueSpecification","valueRequired":true,"valueName":"search_term_string"}}],"inLanguage":"en-US"},{"@type":"Organization","@id":"https:\/\/www.usaaccelerator.com\/#organization","name":"USA Accelerator","url":"https:\/\/www.usaaccelerator.com\/","logo":{"@type":"ImageObject","inLanguage":"en-US","@id":"https:\/\/www.usaaccelerator.com\/#\/schema\/logo\/image\/","url":"https:\/\/www.usaaccelerator.com\/wp-content\/uploads\/2023\/06\/cropped-ua_logo-2.png","contentUrl":"https:\/\/www.usaaccelerator.com\/wp-content\/uploads\/2023\/06\/cropped-ua_logo-2.png","width":1478,"height":1415,"caption":"USA Accelerator"},"image":{"@id":"https:\/\/www.usaaccelerator.com\/#\/schema\/logo\/image\/"}}]}},"_links":{"self":[{"href":"https:\/\/www.usaaccelerator.com\/en\/wp-json\/wp\/v2\/pages\/1398","targetHints":{"allow":["GET"]}}],"collection":[{"href":"https:\/\/www.usaaccelerator.com\/en\/wp-json\/wp\/v2\/pages"}],"about":[{"href":"https:\/\/www.usaaccelerator.com\/en\/wp-json\/wp\/v2\/types\/page"}],"author":[{"embeddable":true,"href":"https:\/\/www.usaaccelerator.com\/en\/wp-json\/wp\/v2\/users\/1"}],"replies":[{"embeddable":true,"href":"https:\/\/www.usaaccelerator.com\/en\/wp-json\/wp\/v2\/comments?post=1398"}],"version-history":[{"count":40,"href":"https:\/\/www.usaaccelerator.com\/en\/wp-json\/wp\/v2\/pages\/1398\/revisions"}],"predecessor-version":[{"id":9911,"href":"https:\/\/www.usaaccelerator.com\/en\/wp-json\/wp\/v2\/pages\/1398\/revisions\/9911"}],"wp:attachment":[{"href":"https:\/\/www.usaaccelerator.com\/en\/wp-json\/wp\/v2\/media?parent=1398"}],"curies":[{"name":"wp","href":"https:\/\/api.w.org\/{rel}","templated":true}]}}